{"id":50,"date":"2019-02-01T14:19:06","date_gmt":"2019-02-01T19:19:06","guid":{"rendered":"https:\/\/ovatioleroux.com\/?page_id=50&#038;lang=fr"},"modified":"2021-06-23T09:58:28","modified_gmt":"2021-06-23T13:58:28","slug":"notre-experience","status":"publish","type":"page","link":"https:\/\/ovatioleroux.com\/fr\/notre-experience\/","title":{"rendered":"Notre exp\u00e9rience"},"content":{"rendered":"<p>Ovatio\/Leroux Inc. est une entreprise canadienne qui offre \u00e0 chacun de nos partenaires plus de trois d\u00e9cennies d\u2019expertise mondiale en mati\u00e8re d\u2019expositions et d\u2019\u00e9v\u00e9nements. Nous avons eu le privil\u00e8ge de pr\u00e9senter des expositions et des \u00e9v\u00e9nements nationaux et internationaux novateurs pour les gouvernements du Canada et des provinces, pour plus de 100 entreprises canadiennes et internationales et pour des dizaines de f\u00e9d\u00e9rations ou conseils nationaux repr\u00e9sentant plusieurs associations industrielles diff\u00e9rentes au Canada.<\/p>\n<p>Nous comprenons les march\u00e9s de nos clients et nous avons \u00e9tabli une relation durable avec la plupart d\u2019entre eux. Certains sont avec nous depuis plus d\u2019une douzaine d\u2019ann\u00e9es.<\/p>\n<p>Nous avons remport\u00e9 des prix pour notre conception et la construction de stands \u00e0 Paris (France), Cologne (Allemagne), Duba\u00ef (\u00c9mirats arabes unis), pour n\u2019en citer que quelques-uns. Nous avons maintenu des normes tr\u00e8s \u00e9lev\u00e9es pour mettre en valeur les marques de nos clients et faire progresser leur entreprise vers le succ\u00e8s.<\/p>\n<p>Depuis 1992, Ovatio\/Leroux Inc. a r\u00e9alis\u00e9 avec succ\u00e8s de nombreuses missions dans le domaine du tourisme, de l\u2019\u00e9quipement militaire, de l\u2019alimentation, de l\u2019agriculture, des t\u00e9l\u00e9communications, des produits pour animaux de compagnie, des mat\u00e9riaux de construction, de la confiserie et de l\u2019industrie de la collation dans plusieurs pays.<\/p>\n","protected":false},"excerpt":{"rendered":"<p>Ovatio\/Leroux Inc. est une entreprise canadienne qui offre \u00e0 chacun de nos partenaires plus de trois d\u00e9cennies d\u2019expertise mondiale en mati\u00e8re d\u2019expositions et d\u2019\u00e9v\u00e9nements. Nous avons eu le privil\u00e8ge de pr\u00e9senter des expositions et des \u00e9v\u00e9nements nationaux et internationaux novateurs pour les gouvernements du Canada et des provinces, pour plus de 100 entreprises canadiennes et [&hellip;]<\/p>\n","protected":false},"author":1,"featured_media":0,"parent":0,"menu_order":0,"comment_status":"closed","ping_status":"closed","template":"","meta":{"footnotes":""},"class_list":["post-50","page","type-page","status-publish","hentry"],"yoast_head":"<!-- This site is optimized with the Yoast SEO plugin v27.3 - https:\/\/yoast.com\/product\/yoast-seo-wordpress\/ -->\n<title>Notre exp\u00e9rience - Ovatio\/Leroux - International Exhibition and Event Management Services<\/title>\n<meta name=\"robots\" content=\"index, follow, max-snippet:-1, max-image-preview:large, max-video-preview:-1\" \/>\n<link rel=\"canonical\" href=\"https:\/\/ovatioleroux.com\/fr\/notre-experience\/\" \/>\n<meta property=\"og:locale\" content=\"fr_FR\" \/>\n<meta property=\"og:type\" content=\"article\" \/>\n<meta property=\"og:title\" content=\"Notre exp\u00e9rience - Ovatio\/Leroux - International Exhibition and Event Management Services\" \/>\n<meta property=\"og:description\" content=\"Ovatio\/Leroux Inc. est une entreprise canadienne qui offre \u00e0 chacun de nos partenaires plus de trois d\u00e9cennies d\u2019expertise mondiale en mati\u00e8re d\u2019expositions et d\u2019\u00e9v\u00e9nements. Nous avons eu le privil\u00e8ge de pr\u00e9senter des expositions et des \u00e9v\u00e9nements nationaux et internationaux novateurs pour les gouvernements du Canada et des provinces, pour plus de 100 entreprises canadiennes et [&hellip;]\" \/>\n<meta property=\"og:url\" content=\"https:\/\/ovatioleroux.com\/fr\/notre-experience\/\" \/>\n<meta property=\"og:site_name\" content=\"Ovatio\/Leroux - International Exhibition and Event Management Services\" \/>\n<meta property=\"article:modified_time\" content=\"2021-06-23T13:58:28+00:00\" \/>\n<meta name=\"twitter:card\" content=\"summary_large_image\" \/>\n<meta name=\"twitter:label1\" content=\"Est. reading time\" \/>\n\t<meta name=\"twitter:data1\" content=\"1 minute\" \/>\n<script type=\"application\/ld+json\" class=\"yoast-schema-graph\">{\"@context\":\"https:\\\/\\\/schema.org\",\"@graph\":[{\"@type\":\"WebPage\",\"@id\":\"https:\\\/\\\/ovatioleroux.com\\\/fr\\\/notre-experience\\\/\",\"url\":\"https:\\\/\\\/ovatioleroux.com\\\/fr\\\/notre-experience\\\/\",\"name\":\"Notre exp\u00e9rience - Ovatio\\\/Leroux - International Exhibition and Event Management Services\",\"isPartOf\":{\"@id\":\"https:\\\/\\\/ovatioleroux.com\\\/#website\"},\"datePublished\":\"2019-02-01T19:19:06+00:00\",\"dateModified\":\"2021-06-23T13:58:28+00:00\",\"breadcrumb\":{\"@id\":\"https:\\\/\\\/ovatioleroux.com\\\/fr\\\/notre-experience\\\/#breadcrumb\"},\"inLanguage\":\"fr-FR\",\"potentialAction\":[{\"@type\":\"ReadAction\",\"target\":[\"https:\\\/\\\/ovatioleroux.com\\\/fr\\\/notre-experience\\\/\"]}]},{\"@type\":\"BreadcrumbList\",\"@id\":\"https:\\\/\\\/ovatioleroux.com\\\/fr\\\/notre-experience\\\/#breadcrumb\",\"itemListElement\":[{\"@type\":\"ListItem\",\"position\":1,\"name\":\"Home\",\"item\":\"https:\\\/\\\/ovatioleroux.com\\\/fr\\\/\"},{\"@type\":\"ListItem\",\"position\":2,\"name\":\"Notre exp\u00e9rience\"}]},{\"@type\":\"WebSite\",\"@id\":\"https:\\\/\\\/ovatioleroux.com\\\/#website\",\"url\":\"https:\\\/\\\/ovatioleroux.com\\\/\",\"name\":\"Ovatio\\\/Leroux - International Exhibition and Event Management Services\",\"description\":\"International Exhibition and Event Management Services\",\"potentialAction\":[{\"@type\":\"SearchAction\",\"target\":{\"@type\":\"EntryPoint\",\"urlTemplate\":\"https:\\\/\\\/ovatioleroux.com\\\/?s={search_term_string}\"},\"query-input\":{\"@type\":\"PropertyValueSpecification\",\"valueRequired\":true,\"valueName\":\"search_term_string\"}}],\"inLanguage\":\"fr-FR\"}]}<\/script>\n<!-- \/ Yoast SEO plugin. -->","yoast_head_json":{"title":"Notre exp\u00e9rience - Ovatio\/Leroux - International Exhibition and Event Management Services","robots":{"index":"index","follow":"follow","max-snippet":"max-snippet:-1","max-image-preview":"max-image-preview:large","max-video-preview":"max-video-preview:-1"},"canonical":"https:\/\/ovatioleroux.com\/fr\/notre-experience\/","og_locale":"fr_FR","og_type":"article","og_title":"Notre exp\u00e9rience - Ovatio\/Leroux - International Exhibition and Event Management Services","og_description":"Ovatio\/Leroux Inc. est une entreprise canadienne qui offre \u00e0 chacun de nos partenaires plus de trois d\u00e9cennies d\u2019expertise mondiale en mati\u00e8re d\u2019expositions et d\u2019\u00e9v\u00e9nements. Nous avons eu le privil\u00e8ge de pr\u00e9senter des expositions et des \u00e9v\u00e9nements nationaux et internationaux novateurs pour les gouvernements du Canada et des provinces, pour plus de 100 entreprises canadiennes et [&hellip;]","og_url":"https:\/\/ovatioleroux.com\/fr\/notre-experience\/","og_site_name":"Ovatio\/Leroux - International Exhibition and Event Management Services","article_modified_time":"2021-06-23T13:58:28+00:00","twitter_card":"summary_large_image","twitter_misc":{"Est. reading time":"1 minute"},"schema":{"@context":"https:\/\/schema.org","@graph":[{"@type":"WebPage","@id":"https:\/\/ovatioleroux.com\/fr\/notre-experience\/","url":"https:\/\/ovatioleroux.com\/fr\/notre-experience\/","name":"Notre exp\u00e9rience - Ovatio\/Leroux - International Exhibition and Event Management Services","isPartOf":{"@id":"https:\/\/ovatioleroux.com\/#website"},"datePublished":"2019-02-01T19:19:06+00:00","dateModified":"2021-06-23T13:58:28+00:00","breadcrumb":{"@id":"https:\/\/ovatioleroux.com\/fr\/notre-experience\/#breadcrumb"},"inLanguage":"fr-FR","potentialAction":[{"@type":"ReadAction","target":["https:\/\/ovatioleroux.com\/fr\/notre-experience\/"]}]},{"@type":"BreadcrumbList","@id":"https:\/\/ovatioleroux.com\/fr\/notre-experience\/#breadcrumb","itemListElement":[{"@type":"ListItem","position":1,"name":"Home","item":"https:\/\/ovatioleroux.com\/fr\/"},{"@type":"ListItem","position":2,"name":"Notre exp\u00e9rience"}]},{"@type":"WebSite","@id":"https:\/\/ovatioleroux.com\/#website","url":"https:\/\/ovatioleroux.com\/","name":"Ovatio\/Leroux - International Exhibition and Event Management Services","description":"International Exhibition and Event Management Services","potentialAction":[{"@type":"SearchAction","target":{"@type":"EntryPoint","urlTemplate":"https:\/\/ovatioleroux.com\/?s={search_term_string}"},"query-input":{"@type":"PropertyValueSpecification","valueRequired":true,"valueName":"search_term_string"}}],"inLanguage":"fr-FR"}]}},"_links":{"self":[{"href":"https:\/\/ovatioleroux.com\/fr\/wp-json\/wp\/v2\/pages\/50","targetHints":{"allow":["GET"]}}],"collection":[{"href":"https:\/\/ovatioleroux.com\/fr\/wp-json\/wp\/v2\/pages"}],"about":[{"href":"https:\/\/ovatioleroux.com\/fr\/wp-json\/wp\/v2\/types\/page"}],"author":[{"embeddable":true,"href":"https:\/\/ovatioleroux.com\/fr\/wp-json\/wp\/v2\/users\/1"}],"replies":[{"embeddable":true,"href":"https:\/\/ovatioleroux.com\/fr\/wp-json\/wp\/v2\/comments?post=50"}],"version-history":[{"count":6,"href":"https:\/\/ovatioleroux.com\/fr\/wp-json\/wp\/v2\/pages\/50\/revisions"}],"predecessor-version":[{"id":276,"href":"https:\/\/ovatioleroux.com\/fr\/wp-json\/wp\/v2\/pages\/50\/revisions\/276"}],"wp:attachment":[{"href":"https:\/\/ovatioleroux.com\/fr\/wp-json\/wp\/v2\/media?parent=50"}],"curies":[{"name":"wp","href":"https:\/\/api.w.org\/{rel}","templated":true}]}}